{"id":2514,"date":"2023-09-15T20:31:19","date_gmt":"2023-09-15T18:31:19","guid":{"rendered":"https:\/\/fooh.es\/blog\/"},"modified":"2025-10-02T12:08:36","modified_gmt":"2025-10-02T10:08:36","slug":"blog","status":"publish","type":"page","link":"https:\/\/fooh.es\/en\/blog\/","title":{"rendered":"Blog"},"content":{"rendered":"\t\t<div data-elementor-type=\"wp-page\" data-elementor-id=\"2514\" class=\"elementor elementor-2514 elementor-20\">\n\t\t\t\t<div class=\"elementor-element elementor-element-20dad05 e-flex e-con-boxed e-con e-parent\" data-id=\"20dad05\" data-element_type=\"container\" data-e-type=\"container\">\n\t\t\t\t\t<div class=\"e-con-inner\">\n\t\t\t\t<div class=\"elementor-element elementor-element-cc008dc elementor-widget elementor-widget-heading\" data-id=\"cc008dc\" data-element_type=\"widget\" data-e-type=\"widget\" data-widget_type=\"heading.default\">\n\t\t\t\t<div class=\"elementor-widget-container\">\n\t\t\t\t\t<h1 class=\"elementor-heading-title elementor-size-default\">Blog about FOOH, CGI, and trends in viral marketing<\/h1>\t\t\t\t<\/div>\n\t\t\t\t<\/div>\n\t\t\t\t\t<\/div>\n\t\t\t\t<\/div>\n\t\t<div class=\"elementor-element elementor-element-a8fa386 e-flex e-con-boxed e-con e-parent\" data-id=\"a8fa386\" data-element_type=\"container\" data-e-type=\"container\">\n\t\t\t\t\t<div class=\"e-con-inner\">\n\t\t\t\t<div class=\"elementor-element elementor-element-42acfe6 elementor-widget elementor-widget-tp-blog-listout\" data-id=\"42acfe6\" data-element_type=\"widget\" data-e-type=\"widget\" data-widget_type=\"tp-blog-listout.default\">\n\t\t\t\t\t<div id=\"pt-plus-blog-post-list\" class=\"blog-list post69de521675362  list-isotope  blog-style-2 hover-image-style-1 layout-style-2  \"  data-layout-type=\"fitRows\"   data-id=\"post69de521675362\" data-style=\"style-2\"   dir= data-enable-isotope=\"1\" filter-type = \"normal\"><div id=\"post69de521675362\" class=\"tp-row post-inner-loop post69de521675362 text-center   tp-listing-preloader\" data-extparam= '{\"loading-opt\":\"skeleton\",\"URL-para\":\"\"}'  ><div class=\"grid-item metro-item  tp-col-lg-4 tp-col-md-4 tp-col-sm-12 tp-col-12  \"><article id=\"post-2567\" class=\"post-2567 post type-post status-publish format-standard has-post-thumbnail hentry category-trendy\">\n\t<div class=\"blog-list-content\">\n\t\t\t\t<div class=\"post-content-image\">\n\t\t\t<a href=\"https:\/\/fooh.es\/en\/cgi-advertising-trends-for-2025-creativity-technology-and-emotion\/\">\n\t\t\t\t\t<div class=\"blog-featured-image \">\n\t<span class=\"thumb-wrap\">\n\t\t<img fetchpriority=\"high\" decoding=\"async\" width=\"700\" height=\"675\" src=\"https:\/\/fooh.es\/wp-content\/uploads\/2025\/08\/Tendencias-en-publicidad-CGI-2025-700x675.webp\" class=\"attachment-tp-image-grid size-tp-image-grid\" alt=\"\" \/>\t<\/span>\n\t<\/div>\n\t\t\t<\/a>\n\t\t\t\t\t\t\t<div class=\"post-category-list style-1\">\t\n\t<span><a href=\"https:\/\/fooh.es\/en\/category\/trendy\/\">Trendy<\/a><\/span><\/div>\n\n\t\t\t\t\t<\/div>\n\t\t\t\t<div class=\"post-content-bottom\">\n\t\t\t\t\t\t<div class=\"post-metro-content\">\n\t\t\t\t<h3 class=\"post-title\">\n\t<a href=\"https:\/\/fooh.es\/en\/cgi-advertising-trends-for-2025-creativity-technology-and-emotion\/\" class=\"normal\">CGI advertising trends for 2025: creativity, technology, and emotion<\/a>\n<\/h3>\n\t\t\t\t\t\t\t\t\t<div class=\"post-hover-content\">\n\t\t\t\t\t\t<div class=\"entry-content\">\n\t<p>CGI advertising trends for 2025: creativity, technology, and emotion The world of advertising never stops. Every year, new ways of surprising, capturing attention, and thrilling audiences emerge. And in...<\/p>\n<\/div>\n\t\t\t\t\t<\/div>\n\t\t\t\t\t\t\t\t\t\t\t\t\t\t\t\t\t\t\t\t<\/div>\n\t\t<\/div>\n\t\t\t\t<div class=\"pt-plus-button-wrapper\"><div class=\"button_parallax\"><div class=\"ts-button\"><div class=\"pt_plus_button btn69de52167577d button-style-9 \"><div class=\"animted-content-inner\"><a href=\"https:\/\/fooh.es\/en\/cgi-advertising-trends-for-2025-creativity-technology-and-emotion\/\" rel=\"nofollow\" class=\"button-link-wrap\" role=\"button\">Read more<span class=\"btn-arrow\"><i class=\"fa-show fas fa-chevron-right\" aria-hidden=\"true\"><\/i><i class=\"fa-hide fas fa-chevron-right\" aria-hidden=\"true\"><\/i><\/span><\/a><\/div><\/div><\/div><\/div><\/div>\t<\/div>\n<\/article>\n<\/div><div class=\"grid-item metro-item  tp-col-lg-4 tp-col-md-4 tp-col-sm-12 tp-col-12  \"><article id=\"post-2565\" class=\"post-2565 post type-post status-publish format-standard has-post-thumbnail hentry category-trendy\">\n\t<div class=\"blog-list-content\">\n\t\t\t\t<div class=\"post-content-image\">\n\t\t\t<a href=\"https:\/\/fooh.es\/en\/mistakes-in-ai-advertising-the-risk-of-leaving-your-brand-in-the-hands-of-algorithms\/\">\n\t\t\t\t\t<div class=\"blog-featured-image \">\n\t<span class=\"thumb-wrap\">\n\t\t<img decoding=\"async\" width=\"700\" height=\"675\" src=\"https:\/\/fooh.es\/wp-content\/uploads\/2025\/08\/errores-publicidad-ia-700x675.webp\" class=\"attachment-tp-image-grid size-tp-image-grid\" alt=\"\" \/>\t<\/span>\n\t<\/div>\n\t\t\t<\/a>\n\t\t\t\t\t\t\t<div class=\"post-category-list style-1\">\t\n\t<span><a href=\"https:\/\/fooh.es\/en\/category\/trendy\/\">Trendy<\/a><\/span><\/div>\n\n\t\t\t\t\t<\/div>\n\t\t\t\t<div class=\"post-content-bottom\">\n\t\t\t\t\t\t<div class=\"post-metro-content\">\n\t\t\t\t<h3 class=\"post-title\">\n\t<a href=\"https:\/\/fooh.es\/en\/mistakes-in-ai-advertising-the-risk-of-leaving-your-brand-in-the-hands-of-algorithms\/\" class=\"normal\">Mistakes in AI advertising: the risk of leaving your brand in the hands of algorithms<\/a>\n<\/h3>\n\t\t\t\t\t\t\t\t\t<div class=\"post-hover-content\">\n\t\t\t\t\t\t<div class=\"entry-content\">\n\t<p>Mistakes in AI advertising: the risk of leaving your brand in the hands of algorithms In recent months, headlines have been filled with examples of brands experimenting with campaigns...<\/p>\n<\/div>\n\t\t\t\t\t<\/div>\n\t\t\t\t\t\t\t\t\t\t\t\t\t\t\t\t\t\t\t\t<\/div>\n\t\t<\/div>\n\t\t\t\t<div class=\"pt-plus-button-wrapper\"><div class=\"button_parallax\"><div class=\"ts-button\"><div class=\"pt_plus_button btn69de521678bf9 button-style-9 \"><div class=\"animted-content-inner\"><a href=\"https:\/\/fooh.es\/en\/mistakes-in-ai-advertising-the-risk-of-leaving-your-brand-in-the-hands-of-algorithms\/\" rel=\"nofollow\" class=\"button-link-wrap\" role=\"button\">Read more<span class=\"btn-arrow\"><i class=\"fa-show fas fa-chevron-right\" aria-hidden=\"true\"><\/i><i class=\"fa-hide fas fa-chevron-right\" aria-hidden=\"true\"><\/i><\/span><\/a><\/div><\/div><\/div><\/div><\/div>\t<\/div>\n<\/article>\n<\/div><div class=\"grid-item metro-item  tp-col-lg-4 tp-col-md-4 tp-col-sm-12 tp-col-12  \"><article id=\"post-2563\" class=\"post-2563 post type-post status-publish format-standard has-post-thumbnail hentry category-trendy\">\n\t<div class=\"blog-list-content\">\n\t\t\t\t<div class=\"post-content-image\">\n\t\t\t<a href=\"https:\/\/fooh.es\/en\/ai-advertising-fast-but-impersonal-do-you-really-want-your-brand-to-look-like-every-other-brand\/\">\n\t\t\t\t\t<div class=\"blog-featured-image \">\n\t<span class=\"thumb-wrap\">\n\t\t<img decoding=\"async\" width=\"700\" height=\"675\" src=\"https:\/\/fooh.es\/wp-content\/uploads\/2025\/08\/publicidad-con-ia-rapida-impersonal-700x675.webp\" class=\"attachment-tp-image-grid size-tp-image-grid\" alt=\"\" \/>\t<\/span>\n\t<\/div>\n\t\t\t<\/a>\n\t\t\t\t\t\t\t<div class=\"post-category-list style-1\">\t\n\t<span><a href=\"https:\/\/fooh.es\/en\/category\/trendy\/\">Trendy<\/a><\/span><\/div>\n\n\t\t\t\t\t<\/div>\n\t\t\t\t<div class=\"post-content-bottom\">\n\t\t\t\t\t\t<div class=\"post-metro-content\">\n\t\t\t\t<h3 class=\"post-title\">\n\t<a href=\"https:\/\/fooh.es\/en\/ai-advertising-fast-but-impersonal-do-you-really-want-your-brand-to-look-like-every-other-brand\/\" class=\"normal\">AI advertising: fast but impersonal. Do you really want your brand to look like every other brand?<\/a>\n<\/h3>\n\t\t\t\t\t\t\t\t\t<div class=\"post-hover-content\">\n\t\t\t\t\t\t<div class=\"entry-content\">\n\t<p>AI advertising: fast but impersonal. Do you really want your brand to look like every other brand? Over the past two years, the term AI advertising has flooded the...<\/p>\n<\/div>\n\t\t\t\t\t<\/div>\n\t\t\t\t\t\t\t\t\t\t\t\t\t\t\t\t\t\t\t\t<\/div>\n\t\t<\/div>\n\t\t\t\t<div class=\"pt-plus-button-wrapper\"><div class=\"button_parallax\"><div class=\"ts-button\"><div class=\"pt_plus_button btn69de52167a38a button-style-9 \"><div class=\"animted-content-inner\"><a href=\"https:\/\/fooh.es\/en\/ai-advertising-fast-but-impersonal-do-you-really-want-your-brand-to-look-like-every-other-brand\/\" rel=\"nofollow\" class=\"button-link-wrap\" role=\"button\">Read more<span class=\"btn-arrow\"><i class=\"fa-show fas fa-chevron-right\" aria-hidden=\"true\"><\/i><i class=\"fa-hide fas fa-chevron-right\" aria-hidden=\"true\"><\/i><\/span><\/a><\/div><\/div><\/div><\/div><\/div>\t<\/div>\n<\/article>\n<\/div><div class=\"grid-item metro-item  tp-col-lg-4 tp-col-md-4 tp-col-sm-12 tp-col-12  \"><article id=\"post-2559\" class=\"post-2559 post type-post status-publish format-standard has-post-thumbnail hentry category-news\">\n\t<div class=\"blog-list-content\">\n\t\t\t\t<div class=\"post-content-image\">\n\t\t\t<a href=\"https:\/\/fooh.es\/en\/what-is-fooh-advertising-and-why-is-it-revolutionizing-social-media\/\">\n\t\t\t\t\t<div class=\"blog-featured-image \">\n\t<span class=\"thumb-wrap\">\n\t\t<img loading=\"lazy\" decoding=\"async\" width=\"700\" height=\"675\" src=\"https:\/\/fooh.es\/wp-content\/uploads\/2023\/09\/que-es-publicidad-fooh-700x675.webp\" class=\"attachment-tp-image-grid size-tp-image-grid\" alt=\"\" \/>\t<\/span>\n\t<\/div>\n\t\t\t<\/a>\n\t\t\t\t\t\t\t<div class=\"post-category-list style-1\">\t\n\t<span><a href=\"https:\/\/fooh.es\/en\/category\/news\/\">News<\/a><\/span><\/div>\n\n\t\t\t\t\t<\/div>\n\t\t\t\t<div class=\"post-content-bottom\">\n\t\t\t\t\t\t<div class=\"post-metro-content\">\n\t\t\t\t<h3 class=\"post-title\">\n\t<a href=\"https:\/\/fooh.es\/en\/what-is-fooh-advertising-and-why-is-it-revolutionizing-social-media\/\" class=\"normal\">What is FOOH Advertising and why is it revolutionizing social media?<\/a>\n<\/h3>\n\t\t\t\t\t\t\t\t\t<div class=\"post-hover-content\">\n\t\t\t\t\t\t<div class=\"entry-content\">\n\t<p>What is FOOH Advertising and why is it revolutionizing social media? We live in the age of infinite scrolling, where thousands of pieces of content compete for a fraction...<\/p>\n<\/div>\n\t\t\t\t\t<\/div>\n\t\t\t\t\t\t\t\t\t\t\t\t\t\t\t\t\t\t\t\t<\/div>\n\t\t<\/div>\n\t\t\t\t<div class=\"pt-plus-button-wrapper\"><div class=\"button_parallax\"><div class=\"ts-button\"><div class=\"pt_plus_button btn69de52167bcee button-style-9 \"><div class=\"animted-content-inner\"><a href=\"https:\/\/fooh.es\/en\/what-is-fooh-advertising-and-why-is-it-revolutionizing-social-media\/\" rel=\"nofollow\" class=\"button-link-wrap\" role=\"button\">Read more<span class=\"btn-arrow\"><i class=\"fa-show fas fa-chevron-right\" aria-hidden=\"true\"><\/i><i class=\"fa-hide fas fa-chevron-right\" aria-hidden=\"true\"><\/i><\/span><\/a><\/div><\/div><\/div><\/div><\/div>\t<\/div>\n<\/article>\n<\/div><\/div><\/div>\t\t\t\t<\/div>\n\t\t\t\t\t<\/div>\n\t\t\t\t<\/div>\n\t\t<div class=\"elementor-element elementor-element-4ee1c7c e-flex e-con-boxed e-con e-parent\" data-id=\"4ee1c7c\" data-element_type=\"container\" data-e-type=\"container\" data-settings=\"{&quot;background_background&quot;:&quot;classic&quot;}\">\n\t\t\t\t\t<div class=\"e-con-inner\">\n\t\t<div class=\"elementor-element elementor-element-0482be9 e-con-full e-flex e-con e-child\" data-id=\"0482be9\" data-element_type=\"container\" data-e-type=\"container\" data-settings=\"{&quot;background_background&quot;:&quot;classic&quot;}\">\n\t\t\t\t<div class=\"elementor-element elementor-element-cece990 elementor-widget elementor-widget-image\" data-id=\"cece990\" data-element_type=\"widget\" data-e-type=\"widget\" data-widget_type=\"image.default\">\n\t\t\t\t<div class=\"elementor-widget-container\">\n\t\t\t\t\t\t\t\t\t\t\t\t\t\t\t<img loading=\"lazy\" decoding=\"async\" width=\"640\" height=\"446\" src=\"https:\/\/fooh.es\/wp-content\/uploads\/2025\/07\/fooh-pdf-1024x713.webp\" class=\"attachment-large size-large wp-image-2473\" alt=\"\" srcset=\"https:\/\/fooh.es\/wp-content\/uploads\/2025\/07\/fooh-pdf-1024x713.webp 1024w, https:\/\/fooh.es\/wp-content\/uploads\/2025\/07\/fooh-pdf-300x209.webp 300w, https:\/\/fooh.es\/wp-content\/uploads\/2025\/07\/fooh-pdf-768x535.webp 768w, https:\/\/fooh.es\/wp-content\/uploads\/2025\/07\/fooh-pdf-1536x1070.webp 1536w, https:\/\/fooh.es\/wp-content\/uploads\/2025\/07\/fooh-pdf-2048x1426.webp 2048w, https:\/\/fooh.es\/wp-content\/uploads\/2025\/07\/fooh-pdf-530x369.webp 530w\" sizes=\"(max-width: 640px) 100vw, 640px\" \/>\t\t\t\t\t\t\t\t\t\t\t\t\t\t\t<\/div>\n\t\t\t\t<\/div>\n\t\t\t\t<\/div>\n\t\t<div class=\"elementor-element elementor-element-8210289 e-con-full e-flex e-con e-child\" data-id=\"8210289\" data-element_type=\"container\" data-e-type=\"container\">\n\t\t\t\t<div class=\"elementor-element elementor-element-5049483 elementor-widget elementor-widget-heading\" data-id=\"5049483\" data-element_type=\"widget\" data-e-type=\"widget\" data-widget_type=\"heading.default\">\n\t\t\t\t<div class=\"elementor-widget-container\">\n\t\t\t\t\t<h3 class=\"elementor-heading-title elementor-size-default\">Subscribe to our FOOHSLETTER<\/h3>\t\t\t\t<\/div>\n\t\t\t\t<\/div>\n\t\t\t\t<div class=\"elementor-element elementor-element-4684712 elementor-widget elementor-widget-text-editor\" data-id=\"4684712\" data-element_type=\"widget\" data-e-type=\"widget\" data-widget_type=\"text-editor.default\">\n\t\t\t\t<div class=\"elementor-widget-container\">\n\t\t\t\t\t\t\t\t\t<p>Sign up for our newsletter and, in addition to receiving news and exclusive special promotions, we will give you our PDF with types of FOOH ideas for your brand.<\/p>\t\t\t\t\t\t\t\t<\/div>\n\t\t\t\t<\/div>\n\t\t\t\t<div class=\"elementor-element elementor-element-69f002f elementor-widget elementor-widget-shortcode\" data-id=\"69f002f\" data-element_type=\"widget\" data-e-type=\"widget\" data-widget_type=\"shortcode.default\">\n\t\t\t\t<div class=\"elementor-widget-container\">\n\t\t\t\t\t\t\t<div class=\"elementor-shortcode\">                <div class=\"ml-embedded\" data-form=\"1MkG1s\"><\/div>\n            <\/div>\n\t\t\t\t\t\t<\/div>\n\t\t\t\t<\/div>\n\t\t\t\t<div class=\"elementor-element elementor-element-da37f1e elementor-widget elementor-widget-text-editor\" data-id=\"da37f1e\" data-element_type=\"widget\" data-e-type=\"widget\" data-widget_type=\"text-editor.default\">\n\t\t\t\t<div class=\"elementor-widget-container\">\n\t\t\t\t\t\t\t\t\t<p>Check your spam folder if you do not receive it. First, you will receive an email to confirm your address.<\/p>\t\t\t\t\t\t\t\t<\/div>\n\t\t\t\t<\/div>\n\t\t\t\t<\/div>\n\t\t\t\t\t<\/div>\n\t\t\t\t<\/div>\n\t\t\t\t<\/div>\n\t\t","protected":false},"excerpt":{"rendered":"<p>Blog about FOOH, CGI, and trends in viral marketing Tendencias Tendencias en publicidad CGI 2025: creatividad, tecnolog\u00eda y emoci\u00f3n Tendencias en publicidad CGI 2025: creatividad, tecnolog\u00eda y emoci\u00f3n El mundo de la publicidad nunca se detiene. Cada a\u00f1o aparecen nuevas formas de sorprender, captar la atenci\u00f3n y emocionar&#8230; Read more Tendencias Errores en la publicidad <\/p>\n","protected":false},"author":1,"featured_media":0,"parent":0,"menu_order":0,"comment_status":"closed","ping_status":"closed","template":"","meta":{"footnotes":""},"class_list":["post-2514","page","type-page","status-publish","hentry"],"_links":{"self":[{"href":"https:\/\/fooh.es\/en\/wp-json\/wp\/v2\/pages\/2514","targetHints":{"allow":["GET"]}}],"collection":[{"href":"https:\/\/fooh.es\/en\/wp-json\/wp\/v2\/pages"}],"about":[{"href":"https:\/\/fooh.es\/en\/wp-json\/wp\/v2\/types\/page"}],"author":[{"embeddable":true,"href":"https:\/\/fooh.es\/en\/wp-json\/wp\/v2\/users\/1"}],"replies":[{"embeddable":true,"href":"https:\/\/fooh.es\/en\/wp-json\/wp\/v2\/comments?post=2514"}],"version-history":[{"count":1,"href":"https:\/\/fooh.es\/en\/wp-json\/wp\/v2\/pages\/2514\/revisions"}],"predecessor-version":[{"id":2515,"href":"https:\/\/fooh.es\/en\/wp-json\/wp\/v2\/pages\/2514\/revisions\/2515"}],"wp:attachment":[{"href":"https:\/\/fooh.es\/en\/wp-json\/wp\/v2\/media?parent=2514"}],"curies":[{"name":"wp","href":"https:\/\/api.w.org\/{rel}","templated":true}]}}