{"id":2576,"date":"2023-09-15T20:30:36","date_gmt":"2023-09-15T18:30:36","guid":{"rendered":"https:\/\/fooh.es\/qui-sommes-nous\/"},"modified":"2025-10-04T12:23:53","modified_gmt":"2025-10-04T10:23:53","slug":"qui-sommes-nous","status":"publish","type":"page","link":"https:\/\/fooh.es\/fr\/qui-sommes-nous\/","title":{"rendered":"Qui sommes-nous ?"},"content":{"rendered":"\t\t<div data-elementor-type=\"wp-page\" data-elementor-id=\"2576\" class=\"elementor elementor-2576 elementor-12\">\n\t\t\t\t<div class=\"elementor-element elementor-element-9968083 e-flex e-con-boxed e-con e-parent\" data-id=\"9968083\" data-element_type=\"container\" data-e-type=\"container\">\n\t\t\t\t\t<div class=\"e-con-inner\">\n\t\t<div class=\"elementor-element elementor-element-3e27448 e-con-full e-flex e-con e-child\" data-id=\"3e27448\" data-element_type=\"container\" data-e-type=\"container\">\n\t\t\t\t<div class=\"elementor-element elementor-element-ce99ca6 elementor-widget elementor-widget-video\" data-id=\"ce99ca6\" data-element_type=\"widget\" data-e-type=\"widget\" data-settings=\"{&quot;video_type&quot;:&quot;hosted&quot;,&quot;autoplay&quot;:&quot;yes&quot;,&quot;mute&quot;:&quot;yes&quot;,&quot;loop&quot;:&quot;yes&quot;}\" data-widget_type=\"video.default\">\n\t\t\t\t<div class=\"elementor-widget-container\">\n\t\t\t\t\t\t\t<div class=\"e-hosted-video elementor-wrapper elementor-open-inline\">\n\t\t\t\t\t<video class=\"elementor-video\" src=\"https:\/\/fooh.es\/wp-content\/uploads\/2025\/05\/Cromatopia-Paris-Logo.mp4\" autoplay=\"\" loop=\"\" muted=\"muted\" controlsList=\"nodownload\"><\/video>\n\t\t\t\t<\/div>\n\t\t\t\t\t\t<\/div>\n\t\t\t\t<\/div>\n\t\t\t\t<div class=\"elementor-element elementor-element-a92b6d5 elementor-widget elementor-widget-tp-advanced-buttons\" data-id=\"a92b6d5\" data-element_type=\"widget\" data-e-type=\"widget\" data-widget_type=\"tp-advanced-buttons.default\">\n\t\t\t\t<div class=\"elementor-widget-container\">\n\t\t\t\t\t<div class=\"pt-plus-adv-button-wrapper \" ><div id=\"advbutton69e0a45f5b9be\" class=\"pt_plus_adv_button  ab-cta  tp_cta_st_12   \" ><a href=\"https:\/\/cromatopia.com\" target=\"_blank\" class=\"adv-button-link-wrap \" role=\"button\"><span>VISITEZ CROMATOPIA.COM \u2192 <\/span><\/a><\/div><\/div>\t\t\t\t<\/div>\n\t\t\t\t<\/div>\n\t\t\t\t<\/div>\n\t\t<div class=\"elementor-element elementor-element-71f18da e-con-full e-flex e-con e-child\" data-id=\"71f18da\" data-element_type=\"container\" data-e-type=\"container\">\n\t\t\t\t<div class=\"elementor-element elementor-element-fa009e1 elementor-widget elementor-widget-heading\" data-id=\"fa009e1\" data-element_type=\"widget\" data-e-type=\"widget\" data-widget_type=\"heading.default\">\n\t\t\t\t<div class=\"elementor-widget-container\">\n\t\t\t\t\t<h1 class=\"elementor-heading-title elementor-size-default\">Notre histoire<\/h1>\t\t\t\t<\/div>\n\t\t\t\t<\/div>\n\t\t\t\t<div class=\"elementor-element elementor-element-35ca86a elementor-widget-divider--view-line elementor-widget elementor-widget-divider\" data-id=\"35ca86a\" data-element_type=\"widget\" data-e-type=\"widget\" data-widget_type=\"divider.default\">\n\t\t\t\t<div class=\"elementor-widget-container\">\n\t\t\t\t\t\t\t<div class=\"elementor-divider\">\n\t\t\t<span class=\"elementor-divider-separator\">\n\t\t\t\t\t\t<\/span>\n\t\t<\/div>\n\t\t\t\t\t\t<\/div>\n\t\t\t\t<\/div>\n\t\t\t\t<div class=\"elementor-element elementor-element-19a7148 elementor-widget elementor-widget-text-editor\" data-id=\"19a7148\" data-element_type=\"widget\" data-e-type=\"widget\" data-widget_type=\"text-editor.default\">\n\t\t\t\t<div class=\"elementor-widget-container\">\n\t\t\t\t\t\t\t\t\t<p>FOOH.ES est un d\u00e9partement de <strong>\n  <a href=\"https:\/\/cromatopia.com\" target=\"_blank\" rel=\"noopener nofollow\">Cromatop\u00eda Studio<\/a>\n<\/strong> (studio de conception graphique, web et vid\u00e9o) d\u00e9di\u00e9 exclusivement \u00e0 la publicit\u00e9 CGI. <\/p><p>Elle est n\u00e9e de la n\u00e9cessit\u00e9 d&rsquo;\u00e9largir les services de la soci\u00e9t\u00e9 m\u00e8re, en se consacrant \u00e0 l&rsquo;environnement 3D \u00e0 l&rsquo;aide des vid\u00e9os FOOH (Fake Out Of Home) qui suscitent actuellement un tel engouement. <\/p><p>Nous sommes un groupe de cr\u00e9atifs hautement qualifi\u00e9s dans diff\u00e9rents domaines qui, en mettant en commun nos connaissances, parvenons \u00e0 r\u00e9aliser des vid\u00e9os incroyables pour les marques qui nous font confiance. <\/p>\t\t\t\t\t\t\t\t<\/div>\n\t\t\t\t<\/div>\n\t\t\t\t<div class=\"elementor-element elementor-element-2067d7f elementor-widget elementor-widget-tp-advanced-buttons\" data-id=\"2067d7f\" data-element_type=\"widget\" data-e-type=\"widget\" data-widget_type=\"tp-advanced-buttons.default\">\n\t\t\t\t<div class=\"elementor-widget-container\">\n\t\t\t\t\t<div class=\"pt-plus-adv-button-wrapper \" ><div id=\"advbutton69e0a45f5e5f6\" class=\"pt_plus_adv_button  ab-cta  tp_cta_st_12   \" ><a href=\"https:\/\/fooh.es\/fr\/nos-travaux\/\" class=\"adv-button-link-wrap \" role=\"button\"><span>VOIR NOS R\u00c9ALISATIONS<\/span><\/a><\/div><\/div>\t\t\t\t<\/div>\n\t\t\t\t<\/div>\n\t\t\t\t<\/div>\n\t\t\t\t\t<\/div>\n\t\t\t\t<\/div>\n\t\t\t\t<section class=\"elementor-section elementor-top-section elementor-element elementor-element-ad61e3a elementor-section-full_width elementor-hidden-desktop elementor-hidden-tablet elementor-hidden-mobile elementor-section-height-default elementor-section-height-default\" data-id=\"ad61e3a\" data-element_type=\"section\" data-e-type=\"section\">\n\t\t\t\t\t\t<div class=\"elementor-container elementor-column-gap-no\">\n\t\t\t\t\t<div class=\"elementor-column elementor-col-100 elementor-top-column elementor-element elementor-element-b7f64b5\" data-id=\"b7f64b5\" data-element_type=\"column\" data-e-type=\"column\">\n\t\t\t<div class=\"elementor-widget-wrap elementor-element-populated\">\n\t\t\t\t\t\t<div class=\"elementor-element elementor-element-43dbd8b elementor-widget elementor-widget-ainext-brands\" data-id=\"43dbd8b\" data-element_type=\"widget\" data-e-type=\"widget\" data-widget_type=\"ainext-brands.default\">\n\t\t\t\t<div class=\"elementor-widget-container\">\n\t\t\t\t\t        \r\n       <!-- Brands Area -->\r\n        <div class=\"brands-area pt-70 pb-70\">\r\n            <div class=\"container\">\r\n                <div class=\"row justify-content-between align-items-center\">\r\n\r\n                                            <div class=\"col-lg-2 col-md-2 col-6\" data-aos=\"fade-up\" data-aos-duration=\"1000\">\r\n\r\n                                                            <div class=\"image\">\r\n                                    <img decoding=\"async\" src=\"https:\/\/fooh.es\/wp-content\/uploads\/2023\/09\/01.png\" alt=\"image\"> \r\n                                <\/div>\r\n                               \r\n\r\n                        <\/div>\r\n                                            <div class=\"col-lg-2 col-md-2 col-6\" data-aos=\"fade-up\" data-aos-duration=\"1000\">\r\n\r\n                                                            <div class=\"image\">\r\n                                    <img decoding=\"async\" src=\"https:\/\/fooh.es\/wp-content\/uploads\/2023\/09\/02.png\" alt=\"image\"> \r\n                                <\/div>\r\n                               \r\n\r\n                        <\/div>\r\n                                            <div class=\"col-lg-2 col-md-2 col-6\" data-aos=\"fade-up\" data-aos-duration=\"1000\">\r\n\r\n                                                            <div class=\"image\">\r\n                                    <img decoding=\"async\" src=\"https:\/\/fooh.es\/wp-content\/uploads\/2023\/09\/03.png\" alt=\"image\"> \r\n                                <\/div>\r\n                               \r\n\r\n                        <\/div>\r\n                                            <div class=\"col-lg-2 col-md-2 col-6\" data-aos=\"fade-up\" data-aos-duration=\"1000\">\r\n\r\n                                                            <div class=\"image\">\r\n                                    <img decoding=\"async\" src=\"https:\/\/fooh.es\/wp-content\/uploads\/2023\/09\/04.png\" alt=\"image\"> \r\n                                <\/div>\r\n                               \r\n\r\n                        <\/div>\r\n                                            <div class=\"col-lg-2 col-md-2 col-6\" data-aos=\"fade-up\" data-aos-duration=\"1000\">\r\n\r\n                                                            <div class=\"image\">\r\n                                    <img decoding=\"async\" src=\"https:\/\/fooh.es\/wp-content\/uploads\/2023\/09\/05.png\" alt=\"image\"> \r\n                                <\/div>\r\n                               \r\n\r\n                        <\/div>\r\n                                            <div class=\"col-lg-2 col-md-2 col-6\" data-aos=\"fade-up\" data-aos-duration=\"1000\">\r\n\r\n                                                            <div class=\"image\">\r\n                                    <img decoding=\"async\" src=\"https:\/\/fooh.es\/wp-content\/uploads\/2025\/05\/eskobarte.webp\" alt=\"image\"> \r\n                                <\/div>\r\n                               \r\n\r\n                        <\/div>\r\n                    \r\n                <\/div>\r\n            <\/div>\r\n        <\/div>\r\n        <!-- End Brands Area -->\r\n\r\n        \t\t\t\t<\/div>\n\t\t\t\t<\/div>\n\t\t\t\t\t<\/div>\n\t\t<\/div>\n\t\t\t\t\t<\/div>\n\t\t<\/section>\n\t\t\t\t<\/div>\n\t\t","protected":false},"excerpt":{"rendered":"<p>https:\/\/fooh.es\/wp-content\/uploads\/2025\/05\/Cromatopia-Paris-Logo.mp4 VISITEZ CROMATOPIA.COM \u2192 Notre histoire FOOH.ES est un d\u00e9partement de Cromatop\u00eda Studio (studio de conception graphique, web et vid\u00e9o) d\u00e9di\u00e9 exclusivement \u00e0 la publicit\u00e9 CGI. Elle est n\u00e9e de la n\u00e9cessit\u00e9 d&rsquo;\u00e9largir les services de la soci\u00e9t\u00e9 m\u00e8re, en se consacrant \u00e0 l&rsquo;environnement 3D \u00e0 l&rsquo;aide des vid\u00e9os FOOH (Fake Out Of Home) qui <\/p>\n","protected":false},"author":1,"featured_media":0,"parent":0,"menu_order":0,"comment_status":"closed","ping_status":"closed","template":"","meta":{"footnotes":""},"class_list":["post-2576","page","type-page","status-publish","hentry"],"_links":{"self":[{"href":"https:\/\/fooh.es\/fr\/wp-json\/wp\/v2\/pages\/2576","targetHints":{"allow":["GET"]}}],"collection":[{"href":"https:\/\/fooh.es\/fr\/wp-json\/wp\/v2\/pages"}],"about":[{"href":"https:\/\/fooh.es\/fr\/wp-json\/wp\/v2\/types\/page"}],"author":[{"embeddable":true,"href":"https:\/\/fooh.es\/fr\/wp-json\/wp\/v2\/users\/1"}],"replies":[{"embeddable":true,"href":"https:\/\/fooh.es\/fr\/wp-json\/wp\/v2\/comments?post=2576"}],"version-history":[{"count":1,"href":"https:\/\/fooh.es\/fr\/wp-json\/wp\/v2\/pages\/2576\/revisions"}],"predecessor-version":[{"id":2577,"href":"https:\/\/fooh.es\/fr\/wp-json\/wp\/v2\/pages\/2576\/revisions\/2577"}],"wp:attachment":[{"href":"https:\/\/fooh.es\/fr\/wp-json\/wp\/v2\/media?parent=2576"}],"curies":[{"name":"wp","href":"https:\/\/api.w.org\/{rel}","templated":true}]}}