{"id":2584,"date":"2023-09-15T20:30:29","date_gmt":"2023-09-15T18:30:29","guid":{"rendered":"https:\/\/fooh.es\/fooh-es-publicite-cgi\/"},"modified":"2025-10-27T16:59:40","modified_gmt":"2025-10-27T15:59:40","slug":"fooh-es-publicite-cgi","status":"publish","type":"page","link":"https:\/\/fooh.es\/fr\/","title":{"rendered":"FOOH.ES &#8211; Publicit\u00e9 CGI"},"content":{"rendered":"\t\t<div data-elementor-type=\"wp-page\" data-elementor-id=\"2584\" class=\"elementor elementor-2584 elementor-10\">\n\t\t\t\t\t\t<section class=\"elementor-section elementor-top-section elementor-element elementor-element-abefaf1 elementor-section-height-min-height elementor-section-full_width elementor-section-height-default elementor-section-items-middle\" data-id=\"abefaf1\" data-element_type=\"section\" data-e-type=\"section\" data-settings=\"{&quot;background_background&quot;:&quot;video&quot;,&quot;background_video_link&quot;:&quot;https:\\\/\\\/fooh.es\\\/wp-content\\\/uploads\\\/2025\\\/05\\\/SliderAlcalaBreakdown.mp4&quot;,&quot;background_play_on_mobile&quot;:&quot;yes&quot;}\">\n\t\t\t\t\t\t\t\t<div class=\"elementor-background-video-container\">\n\t\t\t\t\t\t\t\t\t\t\t\t\t<video class=\"elementor-background-video-hosted\" role=\"presentation\" autoplay muted playsinline loop><\/video>\n\t\t\t\t\t\t\t\t\t\t\t<\/div>\n\t\t\t\t\t\t\t\t<div class=\"elementor-container elementor-column-gap-default\">\n\t\t\t\t\t<div class=\"elementor-column elementor-col-100 elementor-top-column elementor-element elementor-element-352e840\" data-id=\"352e840\" data-element_type=\"column\" data-e-type=\"column\">\n\t\t\t<div class=\"elementor-widget-wrap elementor-element-populated\">\n\t\t\t\t\t\t<div class=\"elementor-element elementor-element-97711da elementor-widget elementor-widget-tp-heading-animation\" data-id=\"97711da\" data-element_type=\"widget\" data-e-type=\"widget\" data-widget_type=\"tp-heading-animation.default\">\n\t\t\t\t<div class=\"elementor-widget-container\">\n\t\t\t\t\t<style>.heading-animation69dcd51c9a5a4 .pt-plus-cd-headline.loading-bar .cd-words-wrapper::after{background-color: #FFFFFF;}<\/style><div class=\"pt-plus-heading-animation heading-animation head-anim-style-5  heading-animation69dcd51c9a5a4\"  ><h2 class=\"pt-plus-cd-headline push\" ><span >Nous faisons <\/span><span class=\"cd-words-wrapper\"><b  class=\"is-visible \"> Possible<\/b><b> L'impossible<\/b><\/span><\/h2><\/div>\t\t\t\t<\/div>\n\t\t\t\t<\/div>\n\t\t\t\t\t<\/div>\n\t\t<\/div>\n\t\t\t\t\t<\/div>\n\t\t<\/section>\n\t\t\t\t<section class=\"elementor-section elementor-top-section elementor-element elementor-element-8107f69 elementor-reverse-tablet elementor-reverse-mobile elementor-section-content-top elementor-section-boxed elementor-section-height-default elementor-section-height-default\" data-id=\"8107f69\" data-element_type=\"section\" data-e-type=\"section\">\n\t\t\t\t\t\t\t<div class=\"elementor-background-overlay\"><\/div>\n\t\t\t\t\t\t\t<div class=\"elementor-container elementor-column-gap-default\">\n\t\t\t\t\t<div class=\"elementor-column elementor-col-50 elementor-top-column elementor-element elementor-element-321c3da elementor-invisible\" data-id=\"321c3da\" data-element_type=\"column\" data-e-type=\"column\" data-settings=\"{&quot;background_background&quot;:&quot;classic&quot;,&quot;animation&quot;:&quot;fadeInUp&quot;,&quot;animation_delay&quot;:200}\">\n\t\t\t<div class=\"elementor-widget-wrap elementor-element-populated\">\n\t\t\t\t\t\t<div class=\"elementor-element elementor-element-f5ffd74 elementor-widget elementor-widget-video\" data-id=\"f5ffd74\" data-element_type=\"widget\" data-e-type=\"widget\" data-settings=\"{&quot;video_type&quot;:&quot;hosted&quot;,&quot;autoplay&quot;:&quot;yes&quot;,&quot;play_on_mobile&quot;:&quot;yes&quot;,&quot;mute&quot;:&quot;yes&quot;,&quot;loop&quot;:&quot;yes&quot;}\" data-widget_type=\"video.default\">\n\t\t\t\t<div class=\"elementor-widget-container\">\n\t\t\t\t\t\t\t<div class=\"e-hosted-video elementor-wrapper elementor-open-inline\">\n\t\t\t\t\t<video class=\"elementor-video\" src=\"https:\/\/fooh.es\/wp-content\/uploads\/2025\/05\/hola-fooh-web.mp4\" autoplay=\"\" loop=\"\" muted=\"muted\" playsinline=\"\" controlsList=\"nodownload\"><\/video>\n\t\t\t\t<\/div>\n\t\t\t\t\t\t<\/div>\n\t\t\t\t<\/div>\n\t\t\t\t\t<\/div>\n\t\t<\/div>\n\t\t\t\t<div class=\"elementor-column elementor-col-50 elementor-top-column elementor-element elementor-element-9ba62e9 elementor-invisible\" data-id=\"9ba62e9\" data-element_type=\"column\" data-e-type=\"column\" data-settings=\"{&quot;animation&quot;:&quot;fadeInUp&quot;}\">\n\t\t\t<div class=\"elementor-widget-wrap elementor-element-populated\">\n\t\t\t\t\t\t<div class=\"elementor-element elementor-element-6ced8a2 elementor-widget elementor-widget-heading\" data-id=\"6ced8a2\" data-element_type=\"widget\" data-e-type=\"widget\" data-widget_type=\"heading.default\">\n\t\t\t\t<div class=\"elementor-widget-container\">\n\t\t\t\t\t<h2 class=\"elementor-heading-title elementor-size-default\">Bonjour! <\/h2>\t\t\t\t<\/div>\n\t\t\t\t<\/div>\n\t\t\t\t<div class=\"elementor-element elementor-element-11540dc elementor-widget-divider--view-line elementor-widget elementor-widget-divider\" data-id=\"11540dc\" data-element_type=\"widget\" data-e-type=\"widget\" data-widget_type=\"divider.default\">\n\t\t\t\t<div class=\"elementor-widget-container\">\n\t\t\t\t\t\t\t<div class=\"elementor-divider\">\n\t\t\t<span class=\"elementor-divider-separator\">\n\t\t\t\t\t\t<\/span>\n\t\t<\/div>\n\t\t\t\t\t\t<\/div>\n\t\t\t\t<\/div>\n\t\t\t\t<div class=\"elementor-element elementor-element-e8d52f2 elementor-widget elementor-widget-text-editor\" data-id=\"e8d52f2\" data-element_type=\"widget\" data-e-type=\"widget\" data-widget_type=\"text-editor.default\">\n\t\t\t\t<div class=\"elementor-widget-container\">\n\t\t\t\t\t\t\t\t\t<p>Bienvenue sur notre site web o\u00f9 vous pourrez voir certaines des vid\u00e9os publicitaires CGI que nous avons r\u00e9alis\u00e9es pour diff\u00e9rentes marques.<\/p><p>Si vous ne savez pas encore ce qu&rsquo;est la publicit\u00e9 CGI ni ce qu&rsquo;elle peut apporter \u00e0 votre entreprise, <strong>\n  <a style=\"color: #ffff00; text-decoration: underline;\" href=\"https:\/\/fooh.es\/fr\/quest-ce-que-fooh-ou-la-publicite-cgi\/\">nous allons vous l&rsquo;expliquer i<\/a>\n<\/strong>ci.<\/p><p>Si vous \u00eates arriv\u00e9 jusqu&rsquo;ici \u00e0 la recherche d&rsquo;un studio capable de concr\u00e9tiser l&rsquo;une de vos id\u00e9es ou de vous en proposer une \u00e0 laquelle vous n&rsquo;aviez pas pens\u00e9, vous \u00eates au bon endroit ! Parcourez notre site web pour d\u00e9couvrir des exemples de nos travaux et si vous souhaitez nous contacter afin que nous vous pr\u00e9parions une proposition, vous pouvez <strong>\n  <a style=\"color: #ffff00;\" href=\"https:\/\/fooh.es\/fr\/reserver-un-appel\/\">r\u00e9server un appel t\u00e9l\u00e9phonique ou vid\u00e9o sans engagement.<\/a>\n<\/strong><\/p><p>Nous serons ravis de vous aider.<\/p>\t\t\t\t\t\t\t\t<\/div>\n\t\t\t\t<\/div>\n\t\t\t\t<div class=\"elementor-element elementor-element-4e5a6aa elementor-widget elementor-widget-tp-advanced-buttons\" data-id=\"4e5a6aa\" data-element_type=\"widget\" data-e-type=\"widget\" data-widget_type=\"tp-advanced-buttons.default\">\n\t\t\t\t<div class=\"elementor-widget-container\">\n\t\t\t\t\t<div class=\"pt-plus-adv-button-wrapper \" ><div id=\"advbutton69dcd51c9f25d\" class=\"pt_plus_adv_button  ab-cta  tp_cta_st_12   \" ><a href=\"https:\/\/fooh.es\/fr\/qui-sommes-nous\/\" class=\"adv-button-link-wrap \" role=\"button\"><span>EN SAVOIR PLUS SUR NOUS<\/span><\/a><\/div><\/div>\t\t\t\t<\/div>\n\t\t\t\t<\/div>\n\t\t\t\t\t<\/div>\n\t\t<\/div>\n\t\t\t\t\t<\/div>\n\t\t<\/section>\n\t\t<div class=\"elementor-element elementor-element-01d52d4 e-con-full e-flex e-con e-parent\" data-id=\"01d52d4\" data-element_type=\"container\" data-e-type=\"container\" id=\"Demo4\">\n\t\t<div class=\"elementor-element elementor-element-078dd0f e-con-full e-transform e-flex e-con e-child\" data-id=\"078dd0f\" data-element_type=\"container\" data-e-type=\"container\" data-settings=\"{&quot;background_background&quot;:&quot;classic&quot;,&quot;_transform_rotateZ_effect&quot;:{&quot;unit&quot;:&quot;px&quot;,&quot;size&quot;:0,&quot;sizes&quot;:[]},&quot;_transform_rotateZ_effect_tablet&quot;:{&quot;unit&quot;:&quot;deg&quot;,&quot;size&quot;:&quot;&quot;,&quot;sizes&quot;:[]},&quot;_transform_rotateZ_effect_mobile&quot;:{&quot;unit&quot;:&quot;deg&quot;,&quot;size&quot;:&quot;&quot;,&quot;sizes&quot;:[]}}\">\n\t\t\t\t<div class=\"elementor-element elementor-element-7a91179 text-center elementor-widget elementor-widget-tp-advanced-typography\" data-id=\"7a91179\" data-element_type=\"widget\" data-e-type=\"widget\" data-widget_type=\"tp-advanced-typography.default\">\n\t\t\t\t<div class=\"elementor-widget-container\">\n\t\t\t\t\t<style>.pt-plus-adv-typo-wrapper .pt_plus_adv_typo_block > h1,.pt-plus-adv-typo-wrapper .pt_plus_adv_typo_block > h2,.pt-plus-adv-typo-wrapper .pt_plus_adv_typo_block > h3,.pt-plus-adv-typo-wrapper .pt_plus_adv_typo_block > h4,.pt-plus-adv-typo-wrapper .pt_plus_adv_typo_block > h5,.pt-plus-adv-typo-wrapper .pt_plus_adv_typo_block > h6 {padding: 0;margin: 0;}<\/style><div id=\"at7a91179\" class=\"pt-plus-adv-typo-wrapper\"><div class=\"pt_plus_adv_typo_block   none\"><marquee  direction=\"left\" behavior=\"initial\" loop=\"50\" scrollamount=\"10\" scrolldelay=\"85\" id=\"advtypo69dcd51ca29b0\" class=\"text-content-block   typo_stroke    \"  style=\"white-space: nowrap;\"  >PUBLICIT\u00c9 CGI \u25c6 3D MODELING AND ANIMATION \u25c6 VISUAL EFFECTS \u25c6 MOTION GRAPHICS \u25c6 <\/marquee><\/div><\/div>\t\t\t\t<\/div>\n\t\t\t\t<\/div>\n\t\t\t\t<\/div>\n\t\t\t\t<\/div>\n\t\t\t\t<section class=\"elementor-section elementor-top-section elementor-element elementor-element-96d199e elementor-section-boxed elementor-section-height-default elementor-section-height-default\" data-id=\"96d199e\" data-element_type=\"section\" data-e-type=\"section\">\n\t\t\t\t\t\t<div class=\"elementor-container elementor-column-gap-default\">\n\t\t\t\t\t<div class=\"elementor-column elementor-col-100 elementor-top-column elementor-element elementor-element-aaf16e8\" data-id=\"aaf16e8\" data-element_type=\"column\" data-e-type=\"column\">\n\t\t\t<div class=\"elementor-widget-wrap elementor-element-populated\">\n\t\t\t\t\t\t<div class=\"elementor-element elementor-element-a331906 elementor-widget elementor-widget-heading\" data-id=\"a331906\" data-element_type=\"widget\" data-e-type=\"widget\" data-widget_type=\"heading.default\">\n\t\t\t\t<div class=\"elementor-widget-container\">\n\t\t\t\t\t<h2 class=\"elementor-heading-title elementor-size-default\">Derniers travaux<\/h2>\t\t\t\t<\/div>\n\t\t\t\t<\/div>\n\t\t\t\t<section class=\"elementor-section elementor-inner-section elementor-element elementor-element-3e71886 elementor-section-boxed elementor-section-height-default elementor-section-height-default\" data-id=\"3e71886\" data-element_type=\"section\" data-e-type=\"section\">\n\t\t\t\t\t\t<div class=\"elementor-container elementor-column-gap-default\">\n\t\t\t\t\t<div class=\"elementor-column elementor-col-33 elementor-inner-column elementor-element elementor-element-e9714b0\" data-id=\"e9714b0\" data-element_type=\"column\" data-e-type=\"column\">\n\t\t\t<div class=\"elementor-widget-wrap elementor-element-populated\">\n\t\t\t\t\t\t<div class=\"elementor-element elementor-element-7673ef4 elementor-widget elementor-widget-video\" data-id=\"7673ef4\" data-element_type=\"widget\" data-e-type=\"widget\" data-settings=\"{&quot;video_type&quot;:&quot;hosted&quot;,&quot;controls&quot;:&quot;yes&quot;}\" data-widget_type=\"video.default\">\n\t\t\t\t<div class=\"elementor-widget-container\">\n\t\t\t\t\t\t\t<div class=\"e-hosted-video elementor-wrapper elementor-open-inline\">\n\t\t\t\t\t<video class=\"elementor-video\" src=\"https:\/\/fooh.es\/wp-content\/uploads\/2025\/10\/Paris-Games-Week-FOOH.es_.mp4\" controls=\"\" preload=\"metadata\" controlsList=\"nodownload\" poster=\"https:\/\/fooh.es\/wp-content\/uploads\/2025\/10\/Publicidad-CGI-Paris-Games-Week-FOOH.webp\"><\/video>\n\t\t\t\t<\/div>\n\t\t\t\t\t\t<\/div>\n\t\t\t\t<\/div>\n\t\t\t\t\t<\/div>\n\t\t<\/div>\n\t\t\t\t<div class=\"elementor-column elementor-col-33 elementor-inner-column elementor-element elementor-element-944a6e1\" data-id=\"944a6e1\" data-element_type=\"column\" data-e-type=\"column\">\n\t\t\t<div class=\"elementor-widget-wrap elementor-element-populated\">\n\t\t\t\t\t\t<div class=\"elementor-element elementor-element-ae95e49 elementor-widget elementor-widget-video\" data-id=\"ae95e49\" data-element_type=\"widget\" data-e-type=\"widget\" data-settings=\"{&quot;video_type&quot;:&quot;hosted&quot;,&quot;controls&quot;:&quot;yes&quot;}\" data-widget_type=\"video.default\">\n\t\t\t\t<div class=\"elementor-widget-container\">\n\t\t\t\t\t\t\t<div class=\"e-hosted-video elementor-wrapper elementor-open-inline\">\n\t\t\t\t\t<video class=\"elementor-video\" src=\"https:\/\/fooh.es\/wp-content\/uploads\/2025\/10\/Happy-Halloween-FOOH.es_.mp4\" controls=\"\" preload=\"metadata\" controlsList=\"nodownload\" poster=\"https:\/\/fooh.es\/wp-content\/uploads\/2025\/10\/Publicidad-CGI-Happy-Halloween-FOOH.webp\"><\/video>\n\t\t\t\t<\/div>\n\t\t\t\t\t\t<\/div>\n\t\t\t\t<\/div>\n\t\t\t\t\t<\/div>\n\t\t<\/div>\n\t\t\t\t<div class=\"elementor-column elementor-col-33 elementor-inner-column elementor-element elementor-element-7f80488\" data-id=\"7f80488\" data-element_type=\"column\" data-e-type=\"column\">\n\t\t\t<div class=\"elementor-widget-wrap elementor-element-populated\">\n\t\t\t\t\t\t<div class=\"elementor-element elementor-element-1c9aa79 elementor-widget elementor-widget-video\" data-id=\"1c9aa79\" data-element_type=\"widget\" data-e-type=\"widget\" data-settings=\"{&quot;video_type&quot;:&quot;hosted&quot;,&quot;controls&quot;:&quot;yes&quot;}\" data-widget_type=\"video.default\">\n\t\t\t\t<div class=\"elementor-widget-container\">\n\t\t\t\t\t\t\t<div class=\"e-hosted-video elementor-wrapper elementor-open-inline\">\n\t\t\t\t\t<video class=\"elementor-video\" src=\"https:\/\/fooh.es\/wp-content\/uploads\/2025\/10\/Ecolover-FOOH.es_.mp4\" controls=\"\" preload=\"metadata\" controlsList=\"nodownload\" poster=\"https:\/\/fooh.es\/wp-content\/uploads\/2025\/10\/Publicidad-CGI-Ecolover-FOOH.webp\"><\/video>\n\t\t\t\t<\/div>\n\t\t\t\t\t\t<\/div>\n\t\t\t\t<\/div>\n\t\t\t\t\t<\/div>\n\t\t<\/div>\n\t\t\t\t\t<\/div>\n\t\t<\/section>\n\t\t\t\t<div class=\"elementor-element elementor-element-b49c742 elementor-widget elementor-widget-tp-advanced-buttons\" data-id=\"b49c742\" data-element_type=\"widget\" data-e-type=\"widget\" data-widget_type=\"tp-advanced-buttons.default\">\n\t\t\t\t<div class=\"elementor-widget-container\">\n\t\t\t\t\t<div class=\"pt-plus-adv-button-wrapper \" ><div id=\"advbutton69dcd51ca421f\" class=\"pt_plus_adv_button  ab-cta  tp_cta_st_12   \" ><a href=\"https:\/\/fooh.es\/fr\/nos-travaux\/\" class=\"adv-button-link-wrap \" role=\"button\"><span>VOIR TOUS LES TRAVAUX<\/span><\/a><\/div><\/div>\t\t\t\t<\/div>\n\t\t\t\t<\/div>\n\t\t\t\t\t<\/div>\n\t\t<\/div>\n\t\t\t\t\t<\/div>\n\t\t<\/section>\n\t\t<div class=\"elementor-element elementor-element-9cc01b3 e-flex e-con-boxed e-con e-parent\" data-id=\"9cc01b3\" data-element_type=\"container\" data-e-type=\"container\" data-settings=\"{&quot;background_background&quot;:&quot;classic&quot;}\">\n\t\t\t\t\t<div class=\"e-con-inner\">\n\t\t<div class=\"elementor-element elementor-element-239ea46 e-con-full e-flex e-con e-child\" data-id=\"239ea46\" data-element_type=\"container\" data-e-type=\"container\" data-settings=\"{&quot;background_background&quot;:&quot;classic&quot;}\">\n\t\t\t\t<div class=\"elementor-element elementor-element-6fcb464 elementor-widget elementor-widget-image\" data-id=\"6fcb464\" data-element_type=\"widget\" data-e-type=\"widget\" data-widget_type=\"image.default\">\n\t\t\t\t<div class=\"elementor-widget-container\">\n\t\t\t\t\t\t\t\t\t\t\t\t\t\t\t<img fetchpriority=\"high\" decoding=\"async\" width=\"640\" height=\"446\" src=\"https:\/\/fooh.es\/wp-content\/uploads\/2025\/07\/fooh-pdf-1024x713.webp\" class=\"attachment-large size-large wp-image-2474\" alt=\"\" srcset=\"https:\/\/fooh.es\/wp-content\/uploads\/2025\/07\/fooh-pdf-1024x713.webp 1024w, https:\/\/fooh.es\/wp-content\/uploads\/2025\/07\/fooh-pdf-300x209.webp 300w, https:\/\/fooh.es\/wp-content\/uploads\/2025\/07\/fooh-pdf-768x535.webp 768w, https:\/\/fooh.es\/wp-content\/uploads\/2025\/07\/fooh-pdf-1536x1070.webp 1536w, https:\/\/fooh.es\/wp-content\/uploads\/2025\/07\/fooh-pdf-2048x1426.webp 2048w, https:\/\/fooh.es\/wp-content\/uploads\/2025\/07\/fooh-pdf-530x369.webp 530w\" sizes=\"(max-width: 640px) 100vw, 640px\" \/>\t\t\t\t\t\t\t\t\t\t\t\t\t\t\t<\/div>\n\t\t\t\t<\/div>\n\t\t\t\t<\/div>\n\t\t<div class=\"elementor-element elementor-element-24e8cb3 e-con-full e-flex e-con e-child\" data-id=\"24e8cb3\" data-element_type=\"container\" data-e-type=\"container\">\n\t\t\t\t<div class=\"elementor-element elementor-element-11c5b24 elementor-widget elementor-widget-heading\" data-id=\"11c5b24\" data-element_type=\"widget\" data-e-type=\"widget\" data-widget_type=\"heading.default\">\n\t\t\t\t<div class=\"elementor-widget-container\">\n\t\t\t\t\t<h3 class=\"elementor-heading-title elementor-size-default\">Abonnez-vous \u00e0 notre FOOHSLETTER<\/h3>\t\t\t\t<\/div>\n\t\t\t\t<\/div>\n\t\t\t\t<div class=\"elementor-element elementor-element-d22ecd2 elementor-widget elementor-widget-text-editor\" data-id=\"d22ecd2\" data-element_type=\"widget\" data-e-type=\"widget\" data-widget_type=\"text-editor.default\">\n\t\t\t\t<div class=\"elementor-widget-container\">\n\t\t\t\t\t\t\t\t\t<p>Inscrivez-vous \u00e0 notre newsletter et, en plus de recevoir des actualit\u00e9s et des promotions sp\u00e9ciales exclusives, nous vous offrirons notre PDF contenant des id\u00e9es de FOOH pour votre marque.<\/p>\t\t\t\t\t\t\t\t<\/div>\n\t\t\t\t<\/div>\n\t\t\t\t<div class=\"elementor-element elementor-element-9e31a58 elementor-widget elementor-widget-shortcode\" data-id=\"9e31a58\" data-element_type=\"widget\" data-e-type=\"widget\" data-widget_type=\"shortcode.default\">\n\t\t\t\t<div class=\"elementor-widget-container\">\n\t\t\t\t\t\t\t<div class=\"elementor-shortcode\">                <div class=\"ml-embedded\" data-form=\"1MkG1s\"><\/div>\n            <\/div>\n\t\t\t\t\t\t<\/div>\n\t\t\t\t<\/div>\n\t\t\t\t<div class=\"elementor-element elementor-element-16edf1b elementor-widget elementor-widget-text-editor\" data-id=\"16edf1b\" data-element_type=\"widget\" data-e-type=\"widget\" data-widget_type=\"text-editor.default\">\n\t\t\t\t<div class=\"elementor-widget-container\">\n\t\t\t\t\t\t\t\t\t<p>V\u00e9rifiez votre bo\u00eete de courrier ind\u00e9sirable si vous ne le recevez pas. Vous recevrez d&rsquo;abord un e-mail pour confirmer votre adresse. <\/p>\t\t\t\t\t\t\t\t<\/div>\n\t\t\t\t<\/div>\n\t\t\t\t<\/div>\n\t\t\t\t\t<\/div>\n\t\t\t\t<\/div>\n\t\t\t\t<\/div>\n\t\t","protected":false},"excerpt":{"rendered":"<p>Nous faisons Possible L&rsquo;impossible https:\/\/fooh.es\/wp-content\/uploads\/2025\/05\/hola-fooh-web.mp4 Bonjour! Bienvenue sur notre site web o\u00f9 vous pourrez voir certaines des vid\u00e9os publicitaires CGI que nous avons r\u00e9alis\u00e9es pour diff\u00e9rentes marques. Si vous ne savez pas encore ce qu&rsquo;est la publicit\u00e9 CGI ni ce qu&rsquo;elle peut apporter \u00e0 votre entreprise, nous allons vous l&rsquo;expliquer i ci. Si vous \u00eates <\/p>\n","protected":false},"author":1,"featured_media":2434,"parent":0,"menu_order":0,"comment_status":"closed","ping_status":"closed","template":"elementor_header_footer","meta":{"footnotes":""},"class_list":["post-2584","page","type-page","status-publish","has-post-thumbnail","hentry"],"_links":{"self":[{"href":"https:\/\/fooh.es\/fr\/wp-json\/wp\/v2\/pages\/2584","targetHints":{"allow":["GET"]}}],"collection":[{"href":"https:\/\/fooh.es\/fr\/wp-json\/wp\/v2\/pages"}],"about":[{"href":"https:\/\/fooh.es\/fr\/wp-json\/wp\/v2\/types\/page"}],"author":[{"embeddable":true,"href":"https:\/\/fooh.es\/fr\/wp-json\/wp\/v2\/users\/1"}],"replies":[{"embeddable":true,"href":"https:\/\/fooh.es\/fr\/wp-json\/wp\/v2\/comments?post=2584"}],"version-history":[{"count":4,"href":"https:\/\/fooh.es\/fr\/wp-json\/wp\/v2\/pages\/2584\/revisions"}],"predecessor-version":[{"id":2747,"href":"https:\/\/fooh.es\/fr\/wp-json\/wp\/v2\/pages\/2584\/revisions\/2747"}],"wp:featuredmedia":[{"embeddable":true,"href":"https:\/\/fooh.es\/fr\/wp-json\/wp\/v2\/media\/2434"}],"wp:attachment":[{"href":"https:\/\/fooh.es\/fr\/wp-json\/wp\/v2\/media?parent=2584"}],"curies":[{"name":"wp","href":"https:\/\/api.w.org\/{rel}","templated":true}]}}