{"id":2586,"date":"2023-09-15T20:32:43","date_gmt":"2023-09-15T18:32:43","guid":{"rendered":"https:\/\/fooh.es\/aviso-legal\/"},"modified":"2025-10-04T12:45:48","modified_gmt":"2025-10-04T10:45:48","slug":"mentions-legales","status":"publish","type":"page","link":"https:\/\/fooh.es\/fr\/mentions-legales\/","title":{"rendered":"Mentions l\u00e9gales"},"content":{"rendered":"\t\t<div data-elementor-type=\"wp-page\" data-elementor-id=\"2586\" class=\"elementor elementor-2586 elementor-35\">\n\t\t\t\t<div class=\"elementor-element elementor-element-7b9d68ff e-flex e-con-boxed e-con e-parent\" data-id=\"7b9d68ff\" data-element_type=\"container\" data-e-type=\"container\">\n\t\t\t\t\t<div class=\"e-con-inner\">\n\t\t\t\t<div class=\"elementor-element elementor-element-f92908a elementor-widget elementor-widget-heading\" data-id=\"f92908a\" data-element_type=\"widget\" data-e-type=\"widget\" data-widget_type=\"heading.default\">\n\t\t\t\t<div class=\"elementor-widget-container\">\n\t\t\t\t\t<h1 class=\"elementor-heading-title elementor-size-default\">Mentions l\u00e9gales<\/h1>\t\t\t\t<\/div>\n\t\t\t\t<\/div>\n\t\t\t\t<div class=\"elementor-element elementor-element-bb3db39 elementor-widget elementor-widget-text-editor\" data-id=\"bb3db39\" data-element_type=\"widget\" data-e-type=\"widget\" data-widget_type=\"text-editor.default\">\n\t\t\t\t<div class=\"elementor-widget-container\">\n\t\t\t\t\t\t\t\t\t<h2><strong>Identit\u00e9 du propri\u00e9taire du site web<\/strong><\/h2><p><br \/>Le pr\u00e9sent avis et les informations l\u00e9gales r\u00e9gissent l&rsquo;utilisation du service web Internet sous le nom de domaine suivant : https:\/\/fooh.es<\/p><p>FOOH.ES est le nom commercial qui figure sur le site web susmentionn\u00e9 et qui fait l&rsquo;objet du pr\u00e9sent avis l\u00e9gal.<\/p><p>FOOH.ES, en tant que prestataire de services de la soci\u00e9t\u00e9 de l&rsquo;information, est r\u00e9gi par les dispositions de la loi 34\/2002 du 11 juillet relative aux services de la soci\u00e9t\u00e9 de l&rsquo;information et au commerce \u00e9lectronique.<\/p><p>FOOH.ES est un nom commercial appartenant \u00e0 Fidel Bustamante, titulaire du num\u00e9ro d&rsquo;identit\u00e9 76919221E. L&rsquo;adresse \u00e9lectronique du service client\u00e8le est hola@fooh.es.<\/p><p>Le site Web est la propri\u00e9t\u00e9 de Fidel Bustamante, qui se r\u00e9serve le droit d&rsquo;apporter, \u00e0 tout moment et sans pr\u00e9avis, des modifications aux informations contenues sur son site Web ou \u00e0 sa configuration et sa pr\u00e9sentation. Le propri\u00e9taire d\u00e9tient tous les droits d&rsquo;auteur sur l&rsquo;ensemble du contenu du site Web, que ce soit de plein droit ou par cession ou accord avec des tiers.<\/p><p>En acc\u00e9dant \u00e0 ce site Web, y compris \u00e0 toutes ses pages, vous acceptez que Fidel Bustamante ne soit pas responsable des cons\u00e9quences, dommages ou pr\u00e9judices pouvant d\u00e9couler de cet acc\u00e8s ou de l&rsquo;utilisation des informations contenues sur ce site Web ou de l&rsquo;acc\u00e8s \u00e0 d&rsquo;autres contenus sur Internet via les liens pr\u00e9sents sur ce site Web. Il ne sera pas non plus responsable, et l&rsquo;utilisateur l&rsquo;accepte, des erreurs ou probl\u00e8mes informatiques caus\u00e9s par des virus, vers, logiciels malveillants ou autres attaques d&rsquo;ing\u00e9nierie sociale (hame\u00e7onnage, d\u00e9tournement de domaine, chevaux de Troie, etc.) que des tiers auraient pu localiser de mani\u00e8re malveillante sur nos serveurs, pendant le d\u00e9lai n\u00e9cessaire \u00e0 la mise en \u0153uvre des mesures de protection r\u00e9actives dont dispose cette entit\u00e9. Si l&rsquo;utilisateur constate des erreurs de fonctionnement ou des comportements \u00e9tranges sur le site, il peut envoyer un courrier \u00e9lectronique \u00e0 l&rsquo;adresse indiqu\u00e9e ci-dessus. L&rsquo;acc\u00e8s au contenu de ce site web par des syst\u00e8mes automatis\u00e9s autres que ceux des personnes physiques est interdit, car ils peuvent porter pr\u00e9judice au propri\u00e9taire du site web en ne permettant pas de mesurer objectivement l&rsquo;audience.<\/p><p>Conditions d&rsquo;utilisation du site Web :<br \/>Les contenus et informations fournis par le biais du site https:\/\/fooh.es sont conformes \u00e0 la l\u00e9gislation en vigueur et sont la propri\u00e9t\u00e9 de Fidel Bustamante ou ont \u00e9t\u00e9 acquis ou exploit\u00e9s avec des titres l\u00e9gitimes.<\/p><p>Le propri\u00e9taire du site web peut proposer, par le biais de celui-ci, des services ou des produits qui peuvent \u00eatre soumis \u00e0 des conditions propres qui, selon les cas, remplacent, compl\u00e8tent et\/ou modifient les pr\u00e9sentes conditions, et dont l&rsquo;utilisateur sera inform\u00e9 dans chaque cas particulier.<\/p><p>L&rsquo;utilisation du site web conf\u00e8re la condition d&rsquo;utilisateur de celui-ci et implique l&rsquo;acceptation pleine et sans r\u00e9serve de toutes les dispositions incluses dans le pr\u00e9sent avis l\u00e9gal dans la version publi\u00e9e par FOOH.ES au moment o\u00f9 l&rsquo;utilisateur acc\u00e8de au site web. Par cons\u00e9quent, l&rsquo;utilisateur doit lire attentivement le pr\u00e9sent avis l\u00e9gal \u00e0 chaque fois qu&rsquo;il envisage d&rsquo;utiliser le site web, car celui-ci peut faire l&rsquo;objet de modifications.<\/p><p>L&rsquo;utilisateur s&rsquo;engage \u00e0 utiliser le site Web, ses contenus et ses services conform\u00e9ment \u00e0 la loi, \u00e0 la pr\u00e9sente mention l\u00e9gale, \u00e0 la politique de confidentialit\u00e9, aux bonnes m\u0153urs et \u00e0 l&rsquo;ordre public. De m\u00eame, l&rsquo;utilisateur s&rsquo;engage \u00e0 ne pas utiliser le site Web ni les services qui y sont fournis \u00e0 des fins ou \u00e0 des effets illicites ou contraires au contenu du pr\u00e9sent avis l\u00e9gal, pr\u00e9judiciables aux int\u00e9r\u00eats ou aux droits de tiers, ou qui pourraient de quelque mani\u00e8re que ce soit endommager, rendre inutilisable ou d\u00e9t\u00e9riorer le site Web ou ses services, ou emp\u00eacher la jouissance normale du site Web par d&rsquo;autres utilisateurs.<\/p><p>De m\u00eame, l&rsquo;utilisateur s&rsquo;engage express\u00e9ment \u00e0 ne pas d\u00e9truire, alt\u00e9rer, rendre inutilisables ou endommager de quelque mani\u00e8re que ce soit les donn\u00e9es, programmes ou documents \u00e9lectroniques et autres qui se trouvent sur ce site web.<\/p><p>L&rsquo;utilisateur s&rsquo;engage \u00e0 ne pas introduire de programmes, virus, macros, contr\u00f4les ou tout autre dispositif logique ou s\u00e9quence de caract\u00e8res qui causent ou sont susceptibles de causer tout type d&rsquo;alt\u00e9ration dans les syst\u00e8mes informatiques du propri\u00e9taire du site web ou de tiers.<\/p><p>L&rsquo;utilisateur accepte et d\u00e9clare conna\u00eetre la pr\u00e9sente mention l\u00e9gale et la politique de confidentialit\u00e9. Dans le cas contraire, l&rsquo;utilisateur doit quitter le site web imm\u00e9diatement.<\/p><p>L&rsquo;activit\u00e9 n&rsquo;est soumise \u00e0 aucun r\u00e9gime d&rsquo;autorisation administrative pr\u00e9alable, ni \u00e0 aucun code de conduite, \u00e0 l&rsquo;exception de la bonne foi, des usages et du Code civil. Le propri\u00e9taire ne fournit aucun service d&rsquo;interm\u00e9diation ou d&rsquo;h\u00e9bergement.<\/p><h2><br \/>Publicit\u00e9<\/h2><p>Le site web peut h\u00e9berger des contenus publicitaires ou \u00eatre sponsoris\u00e9. Les annonceurs et les sponsors sont seuls responsables de la conformit\u00e9 des contenus soumis pour inclusion sur le site web avec les lois et les consentements applicables dans chaque cas. Le propri\u00e9taire du site web ne sera pas responsable des erreurs, inexactitudes ou irr\u00e9gularit\u00e9s que pourraient contenir les contenus publicitaires ou de parrainage. Il ne sera pas non plus responsable des dommages \u00e0 la sensibilit\u00e9 que le mat\u00e9riel publicitaire ou autre pourrait causer aux utilisateurs ou aux visiteurs du site web. Pour plus d&rsquo;informations sur les mineurs, consultez la politique de confidentialit\u00e9.<\/p><h2>Propri\u00e9t\u00e9 intellectuelle et industrielle<\/h2><p>Sauf indication contraire, tous les contenus du site web sont la propri\u00e9t\u00e9 exclusive du propri\u00e9taire du site web ou de tiers et comprennent, \u00e0 titre indicatif et non limitatif, la conception graphique, le code source, les logos, les textes, les graphiques, les illustrations, les photographies et autres \u00e9l\u00e9ments apparaissant sur le site web.<\/p><p>De m\u00eame, tous les noms commerciaux, marques ou signes distinctifs de toute nature contenus dans le site Web sont prot\u00e9g\u00e9s par la loi.<\/p><p>Le propri\u00e9taire du site Web n&rsquo;accorde aucune licence ou autorisation d&rsquo;utilisation personnelle \u00e0 l&rsquo;utilisateur ou au visiteur sur ses droits de propri\u00e9t\u00e9 intellectuelle et industrielle ou sur tout autre droit li\u00e9 \u00e0 son site Web et aux services qui y sont propos\u00e9s.<\/p><p>Tous droits r\u00e9serv\u00e9s. L&rsquo;utilisateur ou le visiteur reconna\u00eet que la reproduction, la distribution, la commercialisation, la transformation et, en g\u00e9n\u00e9ral, toute autre forme d&rsquo;exploitation, par quelque proc\u00e9d\u00e9 que ce soit, de tout ou partie du contenu de ce site web constitue une violation des droits de propri\u00e9t\u00e9 intellectuelle et\/ou industrielle du propri\u00e9taire du site web ou de son propri\u00e9taire, et un d\u00e9lit au sens du Code p\u00e9nal, et est interdite.<\/p><h2><br \/>Responsabilit\u00e9 relative \u00e0 l&rsquo;utilisation du site web<\/h2><p>L&rsquo;utilisateur est seul responsable des infractions qu&rsquo;il pourrait commettre ou des dommages qu&rsquo;il pourrait causer par l&rsquo;utilisation du site web ou de son contenu, le propri\u00e9taire du site web, ses associ\u00e9s, fournisseurs, collaborateurs, employ\u00e9s et repr\u00e9sentants \u00e9tant exempt\u00e9s de toute responsabilit\u00e9 pouvant d\u00e9couler des actions de l&rsquo;utilisateur.<\/p><p>Le propri\u00e9taire du site Web mettra tout en \u0153uvre et utilisera tous les moyens raisonnables pour fournir des informations actualis\u00e9es et fiables sur le site Web ; toutefois, le propri\u00e9taire du site Web ne garantit en aucun cas l&rsquo;absence d&rsquo;erreurs, d&rsquo;inexactitudes et\/ou d&rsquo;omissions dans les contenus accessibles via ce site Web.<\/p><p>L&rsquo;utilisateur est seul responsable de toute r\u00e9clamation ou action l\u00e9gale, judiciaire ou extrajudiciaire, engag\u00e9e par des tiers contre le propri\u00e9taire du site web sur la base de l&rsquo;utilisation par l&rsquo;utilisateur du site web ou de son contenu. Le cas \u00e9ch\u00e9ant, l&rsquo;utilisateur assumera tous les frais, co\u00fbts et indemnit\u00e9s inflig\u00e9s au propri\u00e9taire du site web \u00e0 la suite de ces r\u00e9clamations ou actions l\u00e9gales.<\/p><h2>Responsabilit\u00e9 relative au fonctionnement du site web<\/h2><p>Le propri\u00e9taire du site web d\u00e9cline toute responsabilit\u00e9 pouvant d\u00e9couler d&rsquo;interf\u00e9rences, d&rsquo;omissions, d&rsquo;interruptions, de virus informatiques, de pannes t\u00e9l\u00e9phoniques ou de d\u00e9connexions dans le fonctionnement op\u00e9rationnel du syst\u00e8me \u00e9lectronique, motiv\u00e9es par des causes ind\u00e9pendantes de la volont\u00e9 du propri\u00e9taire du site web.<\/p><p>De m\u00eame, le propri\u00e9taire du site Web exclut toute responsabilit\u00e9 pouvant d\u00e9couler de retards ou de blocages dans le fonctionnement op\u00e9rationnel de ce syst\u00e8me \u00e9lectronique caus\u00e9s par des d\u00e9faillances ou une surcharge des lignes t\u00e9l\u00e9phoniques ou d&rsquo;Internet, ainsi que des dommages caus\u00e9s par des tiers par des intrusions ill\u00e9gitimes \u00e9chappant au contr\u00f4le du propri\u00e9taire du site Web.<\/p><p>Le propri\u00e9taire du site Web est habilit\u00e9 \u00e0 suspendre temporairement, et sans pr\u00e9avis, l&rsquo;accessibilit\u00e9 au site Web pour des raisons de maintenance, de r\u00e9paration, de mise \u00e0 jour ou d&rsquo;am\u00e9lioration.<\/p><h2><br \/>Responsabilit\u00e9 des liens<\/h2><p>Le propri\u00e9taire du site web est exon\u00e9r\u00e9 de toute responsabilit\u00e9 concernant les informations qui se trouvent en dehors de celui-ci, car la fonction des liens qui y apparaissent est uniquement d&rsquo;informer l&rsquo;utilisateur de l&rsquo;existence d&rsquo;autres sources d&rsquo;information sur un sujet ou une publicit\u00e9 sp\u00e9cifiques.<\/p><h2>Politique relative aux donn\u00e9es personnelles<\/h2><p>Les donn\u00e9es obtenues via le site Web, sans pr\u00e9judice des dispositions indiqu\u00e9es dans chacun des formulaires du site Web, lorsque l&rsquo;utilisateur fournit ses donn\u00e9es personnelles, autorisent express\u00e9ment le propri\u00e9taire du site Web \u00e0 traiter ses donn\u00e9es personnelles aux fins indiqu\u00e9es dans celui-ci. Le propri\u00e9taire du site Web traitera les donn\u00e9es aux fins qui ont \u00e9t\u00e9 pr\u00e9alablement communiqu\u00e9es de mani\u00e8re claire et transparente, sur une base juridique d\u00fbment identifi\u00e9e et communiqu\u00e9e, et les exploitera en adoptant les mesures de s\u00e9curit\u00e9 techniques et organisationnelles adapt\u00e9es aux risques pr\u00e9alablement identifi\u00e9s, conform\u00e9ment au r\u00e8glement (UE) 2016\/679, g\u00e9n\u00e9ral sur la protection des donn\u00e9es.<\/p><p>L&rsquo;utilisateur ou son repr\u00e9sentant peut exercer ses droits d&rsquo;acc\u00e8s, y compris le droit d&rsquo;obtenir une copie des donn\u00e9es personnelles faisant l&rsquo;objet du traitement, de rectification, d&rsquo;opposition, d&rsquo;annulation ou de suppression, le cas \u00e9ch\u00e9ant, de portabilit\u00e9 et de limitation du traitement qui lui reviennent, par demande \u00e9crite et sign\u00e9e adress\u00e9e \u00e0 l&rsquo;adresse indiqu\u00e9e dans la section \u00ab Politique de confidentialit\u00e9 \u00bb de ce site web.<\/p><p>De m\u00eame, nous vous informons que les donn\u00e9es IP (Internet Protocol) de l&rsquo;abonn\u00e9 \u00e0 partir duquel vous vous connectez \u00e0 notre site seront conserv\u00e9es pendant les d\u00e9lais fix\u00e9s par la l\u00e9gislation en vigueur, apr\u00e8s quoi elles seront automatiquement supprim\u00e9es, \u00e0 des fins de s\u00e9curit\u00e9 et de collaboration avec la justice.<\/p><h2>Modifications des conditions d&rsquo;utilisation<\/h2><p>Le propri\u00e9taire du site web se r\u00e9serve le droit de modifier, d\u00e9velopper ou mettre \u00e0 jour \u00e0 tout moment et sans pr\u00e9avis les conditions d&rsquo;utilisation de ce site web. L&rsquo;utilisateur sera automatiquement li\u00e9 par les conditions d&rsquo;utilisation en vigueur au moment o\u00f9 il acc\u00e8de au site web. Il est donc tenu de lire r\u00e9guli\u00e8rement les pr\u00e9sentes conditions d&rsquo;utilisation.<\/p><h2><br \/>R\u00e9solution des conflits et juridiction comp\u00e9tente<\/h2><p>Tout litige pouvant survenir en relation avec l&rsquo;application du pr\u00e9sent avis l\u00e9gal sera tranch\u00e9 par les tribunaux comp\u00e9tents conform\u00e9ment \u00e0 la l\u00e9gislation en vigueur. S&rsquo;il ne s&rsquo;agit pas de consommateurs, ils seront r\u00e9solus par les tribunaux du domicile du propri\u00e9taire du site web ou du domicile du consommateur si le destinataire du service a cette qualit\u00e9.<\/p>\t\t\t\t\t\t\t\t<\/div>\n\t\t\t\t<\/div>\n\t\t\t\t\t<\/div>\n\t\t\t\t<\/div>\n\t\t\t\t<\/div>\n\t\t","protected":false},"excerpt":{"rendered":"<p>Mentions l\u00e9gales Identit\u00e9 du propri\u00e9taire du site web Le pr\u00e9sent avis et les informations l\u00e9gales r\u00e9gissent l&rsquo;utilisation du service web Internet sous le nom de domaine suivant : https:\/\/fooh.es FOOH.ES est le nom commercial qui figure sur le site web susmentionn\u00e9 et qui fait l&rsquo;objet du pr\u00e9sent avis l\u00e9gal. FOOH.ES, en tant que prestataire de <\/p>\n","protected":false},"author":1,"featured_media":0,"parent":0,"menu_order":0,"comment_status":"closed","ping_status":"closed","template":"","meta":{"footnotes":""},"class_list":["post-2586","page","type-page","status-publish","hentry"],"_links":{"self":[{"href":"https:\/\/fooh.es\/fr\/wp-json\/wp\/v2\/pages\/2586","targetHints":{"allow":["GET"]}}],"collection":[{"href":"https:\/\/fooh.es\/fr\/wp-json\/wp\/v2\/pages"}],"about":[{"href":"https:\/\/fooh.es\/fr\/wp-json\/wp\/v2\/types\/page"}],"author":[{"embeddable":true,"href":"https:\/\/fooh.es\/fr\/wp-json\/wp\/v2\/users\/1"}],"replies":[{"embeddable":true,"href":"https:\/\/fooh.es\/fr\/wp-json\/wp\/v2\/comments?post=2586"}],"version-history":[{"count":7,"href":"https:\/\/fooh.es\/fr\/wp-json\/wp\/v2\/pages\/2586\/revisions"}],"predecessor-version":[{"id":2601,"href":"https:\/\/fooh.es\/fr\/wp-json\/wp\/v2\/pages\/2586\/revisions\/2601"}],"wp:attachment":[{"href":"https:\/\/fooh.es\/fr\/wp-json\/wp\/v2\/media?parent=2586"}],"curies":[{"name":"wp","href":"https:\/\/api.w.org\/{rel}","templated":true}]}}